{"id":250,"date":"2020-06-08T10:05:05","date_gmt":"2020-06-08T10:05:05","guid":{"rendered":"http:\/\/frauenaerztin-kara.de\/?page_id=250"},"modified":"2024-05-15T14:13:25","modified_gmt":"2024-05-15T12:13:25","slug":"impressum","status":"publish","type":"page","link":"https:\/\/frauenaerztin-kara.de\/?page_id=250","title":{"rendered":"Impressum"},"content":{"rendered":"<p>Inhaberin:<br \/>\nFrauen\u00e4rztin Seng\u00fcl Kara<\/p>\n<p>Praxis Adresse:<br \/>\nBahnhofstra\u00dfe 10<br \/>\n97209 Veitsh\u00f6chheim<br \/>\nTel.: 0931 \/ 939 60<br \/>\ninfo@frauenaerztin-kara.de<\/p>\n<p>Aufsichtsbeh\u00f6rden:<br \/>\nBayerische Landes\u00e4rztekammer (BL\u00c4K) (K\u00f6rperschaft des \u00f6ffentlichen Rechts)<br \/>\nM\u00fchlbaurstra\u00dfe 16<br \/>\n81677 M\u00fcnchen<br \/>\nTelefon: 089\/4147-0<br \/>\nFax: 089\/4147-280<\/p>\n<p>Zust\u00e4ndige kassen\u00e4rztliche Vereinigung:<br \/>\nKassen\u00e4rztliche Vereinigung Bayerns (K\u00f6rperschaft des \u00f6ffentlichen Rechts)<br \/>\nPostanschrift: 80684 M\u00fcnchen<br \/>\nHausanschrift: 80687 M\u00fcnchen<br \/>\nEisenheimerstra\u00dfe 39<\/p>\n<p>Disclaimer:<br \/>\nFrauen\u00e4rztin Seng\u00fcl Kara \u00fcbernimmt keine Haftung im Zusammenhang mit seiner Webseite. Dieses gilt f\u00fcr jegliche unmittelbare und mittelbare Sch\u00e4den oder Schadensersatzforderungen, die durch den Zugriff auf die Webseite und die Nutzung entstehen. Der Zugriff auf eine Webseite anderer Unternehmen, die mit diesen Seiten verlinkt ist, erfolgt auf alleinige Verantwortung des Benutzers. Frauen\u00e4rztin Seng\u00fcl Kara hat keinen Einfluss und \u00fcbernimmt keine Verantwortung f\u00fcr diese Webseiten und deren Inhalt.<\/p>\n<p>Google Analytics<br \/>\nDiese Website benutzt Google Analytics, einen Webanalysedienst der Google Inc. (&#8222;Google&#8220;). Google Analytics verwendet sog. &#8222;Cookies&#8220;, Textdateien, die auf Ihrem Computer gespeichert werden und die eine Analyse der Benutzung der Website durch Sie erm\u00f6glichen. Die durch den Cookie erzeugten Informationen \u00fcber Ihre Benutzung dieser Website (einschlie\u00dflich Ihrer IP-Adresse) werden an einen Server von Google in den USA \u00fcbertragen und dort gespeichert. Google wird diese Informationen benutzen, um Ihre Nutzung der Website auszuwerten, um Reports \u00fcber die Websiteaktivit\u00e4ten f\u00fcr die Websitebetreiber zusammenzustellen und um weitere mit der Websitenutzung und der Internetnutzung verbundene Dienstleistungen zu erbringen. Auch wird Google diese Informationen gegebenenfalls an Dritte \u00fcbertragen, sofern dies gesetzlich vorgeschrieben oder soweit Dritte diese Daten im Auftrag von Google verarbeiten. Google wird in keinem Fall Ihre IP-Adresse mit anderen Daten von Google in Verbindung bringen. Sie k\u00f6nnen die Installation der Cookies durch eine entsprechende Einstellung Ihrer Browser Software verhindern; wir weisen Sie jedoch darauf hin, dass Sie in diesem Fall gegebenenfalls nicht s\u00e4mtliche Funktionen dieser Website vollumf\u00e4nglich nutzen k\u00f6nnen. Durch die Nutzung dieser Website erkl\u00e4ren Sie sich mit der Bearbeitung der \u00fcber Sie erhobenen Daten durch Google in der zuvor beschriebenen Art und Weise und zu dem zuvor benannten Zweck einverstanden.<\/p>\n<p>Umsetzung der Website: Tezcan Kara<br \/>\ntezcankara@aol.com<\/p>\n","protected":false},"excerpt":{"rendered":"<p>Inhaberin: Frauen\u00e4rztin Seng\u00fcl Kara Praxis Adresse: Bahnhofstra\u00dfe 10 97209 Veitsh\u00f6chheim Tel.: 0931 \/ 939 60 info@frauenaerztin-kara.de Aufsichtsbeh\u00f6rden: Bayerische Landes\u00e4rztekammer (BL\u00c4K) (K\u00f6rperschaft des \u00f6ffentlichen Rechts) M\u00fchlbaurstra\u00dfe 16 81677 M\u00fcnchen Telefon: 089\/4147-0 Fax: 089\/4147-280 Zust\u00e4ndige kassen\u00e4rztliche Vereinigung: Kassen\u00e4rztliche Vereinigung Bayerns (K\u00f6rperschaft des \u00f6ffentlichen Rechts) Postanschrift: 80684 M\u00fcnchen Hausanschrift: 80687 M\u00fcnchen Eisenheimerstra\u00dfe 39 Disclaimer: Frauen\u00e4rztin Seng\u00fcl Kara \u00fcbernimmt keine Haftung im Zusammenhang mit seiner Webseite. Dieses gilt f\u00fcr jegliche unmittelbare und mittelbare Sch\u00e4den oder Schadensersatzforderungen, die durch den Zugriff auf die Webseite und die Nutzung entstehen. Der Zugriff auf eine Webseite anderer Unternehmen, die mit diesen Seiten verlinkt ist, erfolgt auf alleinige Verantwortung des Benutzers. Frauen\u00e4rztin Seng\u00fcl Kara hat keinen Einfluss und \u00fcbernimmt keine Verantwortung f\u00fcr diese Webseiten und deren Inhalt. Google Analytics Diese Website benutzt Google Analytics, einen Webanalysedienst der Google Inc. (&#8222;Google&#8220;). Google Analytics verwendet sog. &#8222;Cookies&#8220;, Textdateien, die auf Ihrem Computer gespeichert werden und die eine Analyse der Benutzung der Website durch Sie erm\u00f6glichen. Die durch den Cookie erzeugten Informationen \u00fcber Ihre Benutzung dieser Website (einschlie\u00dflich Ihrer IP-Adresse) werden an einen Server von Google in den USA \u00fcbertragen und dort gespeichert. Google wird diese Informationen benutzen, um Ihre Nutzung der Website auszuwerten, um Reports \u00fcber die Websiteaktivit\u00e4ten f\u00fcr die Websitebetreiber zusammenzustellen und um weitere mit der Websitenutzung und der Internetnutzung verbundene Dienstleistungen zu erbringen. Auch wird Google diese Informationen gegebenenfalls an Dritte \u00fcbertragen, sofern dies gesetzlich vorgeschrieben oder soweit Dritte diese Daten im Auftrag von Google verarbeiten. Google wird in keinem Fall Ihre IP-Adresse mit anderen Daten von Google in Verbindung bringen. Sie k\u00f6nnen die Installation der Cookies durch eine entsprechende Einstellung Ihrer Browser Software verhindern; wir weisen Sie jedoch darauf hin, dass Sie in diesem Fall gegebenenfalls nicht s\u00e4mtliche Funktionen dieser Website vollumf\u00e4nglich nutzen k\u00f6nnen. Durch die Nutzung dieser Website erkl\u00e4ren Sie sich mit der Bearbeitung der \u00fcber Sie erhobenen Daten durch Google in der zuvor beschriebenen Art und Weise und zu dem zuvor benannten Zweck einverstanden. Umsetzung der Website: Tezcan Kara tezcankara@aol.com<\/p>\n","protected":false},"author":1,"featured_media":0,"parent":0,"menu_order":0,"comment_status":"closed","ping_status":"closed","template":"","meta":{"footnotes":""},"class_list":["post-250","page","type-page","status-publish","hentry"],"_links":{"self":[{"href":"https:\/\/frauenaerztin-kara.de\/index.php?rest_route=\/wp\/v2\/pages\/250","targetHints":{"allow":["GET"]}}],"collection":[{"href":"https:\/\/frauenaerztin-kara.de\/index.php?rest_route=\/wp\/v2\/pages"}],"about":[{"href":"https:\/\/frauenaerztin-kara.de\/index.php?rest_route=\/wp\/v2\/types\/page"}],"author":[{"embeddable":true,"href":"https:\/\/frauenaerztin-kara.de\/index.php?rest_route=\/wp\/v2\/users\/1"}],"replies":[{"embeddable":true,"href":"https:\/\/frauenaerztin-kara.de\/index.php?rest_route=%2Fwp%2Fv2%2Fcomments&post=250"}],"version-history":[{"count":7,"href":"https:\/\/frauenaerztin-kara.de\/index.php?rest_route=\/wp\/v2\/pages\/250\/revisions"}],"predecessor-version":[{"id":805,"href":"https:\/\/frauenaerztin-kara.de\/index.php?rest_route=\/wp\/v2\/pages\/250\/revisions\/805"}],"wp:attachment":[{"href":"https:\/\/frauenaerztin-kara.de\/index.php?rest_route=%2Fwp%2Fv2%2Fmedia&parent=250"}],"curies":[{"name":"wp","href":"https:\/\/api.w.org\/{rel}","templated":true}]}}